{"id":11,"date":"2022-03-30T17:31:14","date_gmt":"2022-03-30T17:31:14","guid":{"rendered":"https:\/\/partietsansobalans.se\/?page_id=11"},"modified":"2025-09-07T17:51:56","modified_gmt":"2025-09-07T17:51:56","slug":"om","status":"publish","type":"page","link":"https:\/\/partietsansobalans.se\/?page_id=11","title":{"rendered":"Om oss"},"content":{"rendered":"\n<p><\/p>\n\n\n\n<p><strong>\u00d6vergripande <\/strong><\/p>\n\n\n\n<p>Vi \u00e4r ett lokalt parti som driver politiska fr\u00e5gor inom flera omr\u00e5den. Vi tillh\u00f6r ingen uttalad politisk ideologi och vi driver de fr\u00e5gor som vi anser blir b\u00e4st f\u00f6r flest i Hammar\u00f6 och v\u00e5r milj\u00f6.  <\/p>\n\n\n\n<p>Partiet ser till sj\u00e4lva sakfr\u00e5gorna och vilken nytta som de kan g\u00f6ra f\u00f6r kommunen. Ser vi nytta i en fr\u00e5ga s\u00e5 l\u00e4gger vi ingen st\u00f6rre vikt i om fr\u00e5gan klassas som borgerlig eller socialistisk. V\u00e5ra egna analyser och slutsatser \u00e4r det vi g\u00e5r efter. Dialog med medborgare och andra partier \u00e4r en vital del i v\u00e5rt arbete. Utan det kan vi inte komma fram till v\u00e5rt huvudsakliga m\u00e5l, en sansad och balanserad politik som alla kan finna gl\u00e4dje i.<\/p>\n\n\n\n<p><\/p>\n\n\n\n<p>Partiets huvudfokus \u00e4r kommunens k\u00e4rnfr\u00e5gor. Det vill s\u00e4ga t.ex. \u00e4ldre- och barnomsorg. <br>Ett annat b\u00e4rande element i v\u00e5r politik \u00e4r inflyttningen till Hammar\u00f6. Hammar\u00f6 har v\u00e4xt f\u00f6r fort och ibland \u00e4ven p\u00e5 platser i Hammar\u00f6 d\u00e4r det inte b\u00f6r v\u00e4xa mer. Detta har inte bara varit p\u00e5frestande f\u00f6r<br>kommunens planering utan \u00e4ven f\u00f6r v\u00e5ra gr\u00f6nomr\u00e5den. H\u00e4r beh\u00f6vs det verkligen sans och balans.<\/p>\n\n\n\n<p>Inflyttningen av nya kommuninv\u00e5nare har varit och \u00e4r underm\u00e5ligt kontrollerad. Detta har resulterat i bl.a. modulskolor. Vi ser helst att kommunen v\u00e4xer kontrollerat n\u00e4ra Skoghall centrum eller andra st\u00e4llen d\u00e4r servicen redan \u00e4r utvecklad. D\u00e5 beh\u00f6ver inte VA, v\u00e4gar och annan service byggas ut i lika h\u00f6g grad. Nybyggnation skall i m\u00f6jligaste m\u00e5n inte p\u00e5verka v\u00e5ra gr\u00f6nomr\u00e5den. Idag v\u00e4xer Hammar\u00f6 p\u00e5 st\u00e4llen d\u00e4r det kr\u00e4vs att naturomr\u00e5den exploateras. Detta vill vi stoppa i m\u00f6jligaste m\u00e5n. Vi vill att nuvarande \u00f6versiktsplan f\u00f6ljs b\u00e4ttre d\u00e4r det st\u00e5r att s\u00f6dra Hammar\u00f6 skall fredas fr\u00e5n ny bebyggelse.<\/p>\n\n\n\n<p><\/p>\n\n\n\n<p><\/p>\n\n\n\n<p><\/p>\n\n\n\n<p>Tryggheten \u00e4r viktig f\u00f6r oss. \u00c4ven om Hammar\u00f6 anses, enligt m\u00e4tningar, vara den tryggaste kommunen i riket s\u00e5 finns det saker att g\u00f6ra. Bl.a. s\u00e5 vill vi kavla upp \u00e4rmarna i kampen mot drogerna. N\u00e5gra saker som vi vill genomf\u00f6ra \u00e4r g\u00f6ra natts\u00f6k med narkotikahundar i skolorna eller g\u00f6ra prover av avloppsvattnet f\u00f6r att p\u00e5visa droger inom ett visst omr\u00e5de. <\/p>\n\n\n\n<p><\/p>\n\n\n\n<p>Sist men inte minst s\u00e5 \u00e4r vi emot en sammanslagning med Karlstad kommun. P\u00e5 sikt skulle Hammar\u00f6 kommun dra det kortaste str\u00e5et. <\/p>\n\n\n\n<p><\/p>\n\n\n\n<p><\/p>\n\n\n\n<p>Sans o Balans f\u00e5r inget partist\u00f6d. Vi \u00e4r helt beroende av medlemsavgifter och bidrag fr\u00e5n v\u00e5ra medlemmar och sympatis\u00f6rer. Om ni vill s\u00e4tta in en bidrag till oss s\u00e5 kan ni g\u00f6ra det till bankgiro 5605-0842. Skriv &#8221;Bidrag&#8221; i f\u00e4ltet f\u00f6r meddelande. Varje krona g\u00f6r stor nytta f\u00f6r oss. Allt g\u00e5r till det grundl\u00e4ggande arbetet inf\u00f6r valet i h\u00f6st.<\/p>\n\n\n\n<p><strong>Styrelse:<\/strong><\/p>\n\n\n\n<p><strong>Ordf\u00f6rande: Anders Ahl <\/strong><\/p>\n\n\n\n<p><strong>Vice ordf\u00f6rande: Marek Andersson <\/strong><\/p>\n\n\n\n<p><strong>Ledam\u00f6ter: Per-Erik Bengtsson, Tony Sonn\u00f6, Thomas Solberg, Marianne Ahl<\/strong><\/p>\n\n\n\n<p><\/p>\n\n\n\n<figure class=\"wp-block-image size-full\"><img decoding=\"async\" src=\"https:\/\/partietsansobalans.se\/wp-content\/uploads\/2022\/03\/genomskinlig-sob.png\" alt=\"\" class=\"wp-image-80\"\/><\/figure>\n\n\n\n<p><\/p>\n\n\n\n<p>V\u00e5ra \u00e5sikter A &#8211; \u00d6 (Denna lista fylls p\u00e5 kontinuerligt)<\/p>\n\n\n\n<p><strong>Arvoden.<\/strong> Politikernas arvoden skall frysas. Arvodena h\u00f6js inte f\u00f6rr\u00e4n skattesatsen \u00e4r \u00e5terst\u00e4lld till den niv\u00e5 den var innan h\u00f6jningen p\u00e5 1,50. Gruppledarna i fullm\u00e4ktige skall inte f\u00e5 n\u00e5got timarvode d\u00e5 vi anser att deras m\u00e5nadsarvode r\u00e4cker f\u00f6r att t\u00e4cka tiden f\u00f6r fullm\u00e4ktigem\u00f6ten. <\/p>\n\n\n\n<p><strong>Barnomsorg<\/strong>. Om behovet \u00e4r stort nog s\u00e5 vill vi starta barnomsorg p\u00e5 OB-tid. Detta har visat sig l\u00f6nande i m\u00e5nga kommuner d\u00e5 fr\u00e4mst ensamst\u00e5ende f\u00f6r\u00e4ldrar har tvingats att tacka nej till jobb som ligger p\u00e5 OB-tid. Vad g\u00e4ller barn med sv\u00e5ra allergier s\u00e5 vill vi starta en allergif\u00f6rskola, om behovet \u00e4r stort nog. Detta \u00e4r kostsamt men barnens h\u00e4lsa kommer f\u00f6rst.   <\/p>\n\n\n\n<p><strong>B\u00e5tplatser. <\/strong>Om det skall byggas fler b\u00e5tplatser i Skoghall s\u00e5 ser vi g\u00e4rna att det byggs nere vid Skoghalls\u00e5dran. H\u00e4r finns plats f\u00f6r uppemot hundra nya b\u00e5tplatser. L\u00e4ngre s\u00f6der ut ser vi m\u00f6jlighet att bygga ute mot Rud. F\u00f6rutom p\u00e5 Rud borde det finnas m\u00f6jlighet att bygga ut hamnen nedanf\u00f6r B\u00e4rstad och vassarna v\u00e4ster om v\u00e4gen ut mot Tye.<\/p>\n\n\n\n<p><strong>Laddstolpar<\/strong>. Detta b\u00f6r kommunen satsa p\u00e5. Strategiskt utst\u00e4llda laddstolpar \u00e4r bra f\u00f6r b\u00e5de inv\u00e5nare och turister. <\/p>\n\n\n\n<p><strong>Narkotika.<\/strong> Kommunen skall testa avloppsvattnet f\u00f6r att p\u00e5visa f\u00f6rekomsten av droger inom ett visst omr\u00e5de i v\u00e5r kommun. P\u00e5 Skolorna vill vi inf\u00f6ra natts\u00f6k med narkotikahundar f\u00f6r att uppt\u00e4cka eventuell langning p\u00e5 v\u00e5ra skolor. Vi st\u00e4ller oss \u00e4ven positiva till att inf\u00f6ra frivilliga drogtester i skolorna, eller i andra verksamheter i kommunen, f\u00f6r att p\u00e5visa f\u00f6rekomsten av droger. <\/p>\n\n\n\n<p><strong>Partist\u00f6d<\/strong>. Vi vill s\u00e4nka partist\u00f6det med 10-20%. Kommunens verksamheter m\u00e5ste spara i flera \u00e5r fram\u00f6ver och det borde \u00e4ven g\u00e4lla de politiska partierna. <\/p>\n\n\n\n<p><strong>Skola. <\/strong>V\u00e5rt m\u00e5l \u00e4r max 25 elever per klass. Vi vill inf\u00f6ra l\u00e4xhj\u00e4lp efter skoltid. G\u00e4rna genom samarbete med kyrkan. <\/p>\n\n\n\n<p><strong>Solenergi<\/strong>. Detta \u00e4r vi positiva till. Vi ser g\u00e4rna att kommunens byggnader f\u00f6rses med solpaneler f\u00f6r att generera egen energi. Men vi vill inte ha n\u00e5gon solcellspark v\u00e4ster om Hammar\u00f6 utbildningscentrum. Vi ser hellre att det s\u00e4tts l\u00e4ngre ut mot t.ex. S\u00e4tterstrand. <\/p>\n\n\n\n<p><\/p>\n\n\n\n<p><strong>Vindkfraft. <\/strong>Vi vill inte att kommunen satsar mer p\u00e5 vindkraft. Speciellt inte om vindsnurrorna skall s\u00e4ttas p\u00e5 land. Det \u00e4r f\u00f6r kostsamt sett till den effekt det ger kommunen. Det \u00e4r dessutom v\u00e4ldigt platskr\u00e4vande.  <\/p>\n","protected":false},"excerpt":{"rendered":"<p>\u00d6vergripande Vi \u00e4r ett lokalt parti som driver politiska fr\u00e5gor inom flera omr\u00e5den. Vi tillh\u00f6r ingen uttalad politisk ideologi och vi driver de fr\u00e5gor som vi anser blir b\u00e4st f\u00f6r flest i Hammar\u00f6 och v\u00e5r milj\u00f6. Partiet ser till sj\u00e4lva sakfr\u00e5gorna och vilken nytta som de kan g\u00f6ra f\u00f6r kommunen. Ser vi nytta i en [&hellip;]<\/p>\n","protected":false},"author":1,"featured_media":0,"parent":0,"menu_order":0,"comment_status":"closed","ping_status":"closed","template":"","meta":{"footnotes":""},"class_list":["post-11","page","type-page","status-publish","hentry"],"_links":{"self":[{"href":"https:\/\/partietsansobalans.se\/index.php?rest_route=\/wp\/v2\/pages\/11","targetHints":{"allow":["GET"]}}],"collection":[{"href":"https:\/\/partietsansobalans.se\/index.php?rest_route=\/wp\/v2\/pages"}],"about":[{"href":"https:\/\/partietsansobalans.se\/index.php?rest_route=\/wp\/v2\/types\/page"}],"author":[{"embeddable":true,"href":"https:\/\/partietsansobalans.se\/index.php?rest_route=\/wp\/v2\/users\/1"}],"replies":[{"embeddable":true,"href":"https:\/\/partietsansobalans.se\/index.php?rest_route=%2Fwp%2Fv2%2Fcomments&post=11"}],"version-history":[{"count":59,"href":"https:\/\/partietsansobalans.se\/index.php?rest_route=\/wp\/v2\/pages\/11\/revisions"}],"predecessor-version":[{"id":650,"href":"https:\/\/partietsansobalans.se\/index.php?rest_route=\/wp\/v2\/pages\/11\/revisions\/650"}],"wp:attachment":[{"href":"https:\/\/partietsansobalans.se\/index.php?rest_route=%2Fwp%2Fv2%2Fmedia&parent=11"}],"curies":[{"name":"wp","href":"https:\/\/api.w.org\/{rel}","templated":true}]}}