{"id":387,"date":"2022-05-17T12:06:21","date_gmt":"2022-05-17T12:06:21","guid":{"rendered":"https:\/\/partietsansobalans.se\/?page_id=387"},"modified":"2026-04-07T05:29:03","modified_gmt":"2026-04-07T05:29:03","slug":"387-2","status":"publish","type":"page","link":"https:\/\/partietsansobalans.se\/","title":{"rendered":""},"content":{"rendered":"\n<p>Vi tog v\u00e5rt f\u00f6rsta mandat i senaste kommunalvalet. Vi konkurrerar nu med de andra partierna p\u00e5 hyfsat lika villkor. Vi kommer att st\u00e5 b\u00e4ttre rustade inf\u00f6r n\u00e4sta val. Vi sitter inte tysta och varje f\u00f6rslag om st\u00f6rre exploatering av v\u00e5r kommun kommer vi att r\u00f6sta emot.<\/p>\n\n\n\n<p>Vi \u00e4r ett lokalt politiskt parti som driver politiska fr\u00e5gor inom flera omr\u00e5den. Vi tillh\u00f6r ingen uttalad ideologi utan driver de fr\u00e5gor som vi anser blir b\u00e4st f\u00f6r flest i Hammar\u00f6. <a href=\"https:\/\/partietsansobalans.se\/?page_id=11\" data-type=\"page\" data-id=\"11\">L\u00e4s mer om oss h\u00e4r<\/a>.<br><br>Alla <a href=\"https:\/\/partietsansobalans.se\/?cat=8\">motioner, ledamotsinitiativ<\/a> och <a href=\"https:\/\/partietsansobalans.se\/?cat=9\">interpellationer<\/a> som vi lagt fram publiceras p\u00e5 v\u00e5r webb. Ni hittar dem under respektive kategori d\u00e4r senaste ligger h\u00f6gst upp. Samtliga publiceringar inneh\u00e5ller PDF-fil att ladda ner f\u00f6r den som vill. Vill ni se v\u00e5rat senaste budgetf\u00f6rslag kan ni ladda hem nedan PDF. <\/p>\n\n\n\n<div class=\"wp-block-file\"><a id=\"wp-block-file--media-e4128372-1e69-43c2-bfb3-e015567a262c\" href=\"https:\/\/partietsansobalans.se\/wp-content\/uploads\/2023\/09\/Budget-plan-2024-2025-2026-Sans-o-Balans.pdf\">Budget &amp; plan 2024, 2025, 2026 &#8211; Sans o Balans<\/a><a href=\"https:\/\/partietsansobalans.se\/wp-content\/uploads\/2023\/09\/Budget-plan-2024-2025-2026-Sans-o-Balans.pdf\" class=\"wp-block-file__button wp-element-button\" download aria-describedby=\"wp-block-file--media-e4128372-1e69-43c2-bfb3-e015567a262c\">Ladda ner<\/a><\/div>\n\n\n\n<p><strong>N\u00e4sta kommunfullm\u00e4ktige:<\/strong> 27 april klockan 17:30 i Sessionssalen.<\/p>\n\n\n\n<p><br><br>St\u00f6d oss g\u00e4rna genom att <a href=\"https:\/\/partietsansobalans.se\/?page_id=221\" data-type=\"page\" data-id=\"221\">bli medlem.<\/a> <br>F\u00f6lj oss g\u00e4rna p\u00e5 <a href=\"https:\/\/www.facebook.com\/partietsansobalans\">Facebook<\/a> f\u00f6r senaste nytt!<\/p>\n\n\n\n<p><\/p>\n\n\n\n<p><\/p>\n\n\n\n<p><strong>Tacka alla som r\u00f6stade p\u00e5 oss i kyrkovalet!<\/strong><\/p>\n\n\n\n<p>Vi gick fram\u00e5t i kyrkovalet j\u00e4mf\u00f6rt med kommunalvalet. Tyv\u00e4rr r\u00e4ckte det inte f\u00f6r att ta v\u00e5rt f\u00f6rsta mandat. Majoriteten i kyrkofullm\u00e4ktige har \u00e4ndrat s\u00e5 att det \u00e4r 25 mandat ist\u00e4llet f\u00f6r 31 s\u00e5som det \u00e4r i kommunfullm\u00e4ktige, vilket g\u00f6r det sv\u00e5rare att ta ett mandat. <\/p>\n\n\n\n<p>Nu laddar vi om f\u00f6r att ta fler mandat i kommunfullm\u00e4ktige d\u00e4r vi redan sitter.<\/p>\n","protected":false},"excerpt":{"rendered":"<p>Vi tog v\u00e5rt f\u00f6rsta mandat i senaste kommunalvalet. Vi konkurrerar nu med de andra partierna p\u00e5 hyfsat lika villkor. Vi kommer att st\u00e5 b\u00e4ttre rustade inf\u00f6r n\u00e4sta val. Vi sitter inte tysta och varje f\u00f6rslag om st\u00f6rre exploatering av v\u00e5r kommun kommer vi att r\u00f6sta emot. Vi \u00e4r ett lokalt politiskt parti som driver politiska [&hellip;]<\/p>\n","protected":false},"author":1,"featured_media":0,"parent":0,"menu_order":0,"comment_status":"closed","ping_status":"closed","template":"","meta":{"footnotes":""},"class_list":["post-387","page","type-page","status-publish","hentry"],"_links":{"self":[{"href":"https:\/\/partietsansobalans.se\/index.php?rest_route=\/wp\/v2\/pages\/387","targetHints":{"allow":["GET"]}}],"collection":[{"href":"https:\/\/partietsansobalans.se\/index.php?rest_route=\/wp\/v2\/pages"}],"about":[{"href":"https:\/\/partietsansobalans.se\/index.php?rest_route=\/wp\/v2\/types\/page"}],"author":[{"embeddable":true,"href":"https:\/\/partietsansobalans.se\/index.php?rest_route=\/wp\/v2\/users\/1"}],"replies":[{"embeddable":true,"href":"https:\/\/partietsansobalans.se\/index.php?rest_route=%2Fwp%2Fv2%2Fcomments&post=387"}],"version-history":[{"count":56,"href":"https:\/\/partietsansobalans.se\/index.php?rest_route=\/wp\/v2\/pages\/387\/revisions"}],"predecessor-version":[{"id":695,"href":"https:\/\/partietsansobalans.se\/index.php?rest_route=\/wp\/v2\/pages\/387\/revisions\/695"}],"wp:attachment":[{"href":"https:\/\/partietsansobalans.se\/index.php?rest_route=%2Fwp%2Fv2%2Fmedia&parent=387"}],"curies":[{"name":"wp","href":"https:\/\/api.w.org\/{rel}","templated":true}]}}